{"id":32,"date":"2018-09-27T16:16:06","date_gmt":"2018-09-27T14:16:06","guid":{"rendered":"http:\/\/wordpress5.okopixel.com\/?page_id=32"},"modified":"2025-03-27T08:56:32","modified_gmt":"2025-03-27T07:56:32","slug":"seances-individuelles","status":"publish","type":"page","link":"https:\/\/stephaniecharvieux.fr\/index.php\/seances-individuelles\/","title":{"rendered":"S\u00e9ances individuelles"},"content":{"rendered":"<p><strong>Coaching<\/strong> :<br \/>\nLes s\u00e9ances ont lieu en pr\u00e9sentiel \u00e0 Strasbourg.<br \/>\nQuand la m\u00e9t\u00e9o le permet, je pratique le coaching march\u00e9. Nous d\u00e9ambulons pendant la dur\u00e9e de la s\u00e9ance de mani\u00e8re \u00e0 ce que votre r\u00e9flexion b\u00e9n\u00e9ficie de la dynamique de la marche.<\/p>\n<p>La premi\u00e8re s\u00e9ance est destin\u00e9e \u00e0 cerner pr\u00e9cis\u00e9ment votre demande.<br \/>\nLes s\u00e9ances suivantes sont consacr\u00e9es \u00e0 l&#8217;approfondissement<br \/>\nde votre probl\u00e9matique ainsi qu&#8217;\u00e0 la recherche de solutions.<\/p>\n<p>Mon r\u00f4le en tant que coach est de vous aider \u00e0 identifier<br \/>\nce qui vous convient. Cet accompagnement se fait en bin\u00f4me.<br \/>\nNous formons une \u00e9quipe le temps du coaching.<br \/>\nApr\u00e8s la premi\u00e8re s\u00e9ance, je r\u00e9dige une proposition de contrat<br \/>\nqui d\u00e9taille les objectifs du coaching, les moyens mis en \u0153uvre<br \/>\npour les atteindre, mon code de d\u00e9ontologie&#8230;<br \/>\nLe coaching commence lorsque vous avez valid\u00e9 ce contrat.<\/p>\n<p>Il faut compter en moyenne une dizaine d&#8217;heures r\u00e9parties<br \/>\nen s\u00e9ances d&#8217;une heure ou une heure et demi<br \/>\npour atteindre un objectif.<\/p>\n<p>Mon tarif est de 60 euros l&#8217;heure.<\/p>\n","protected":false},"excerpt":{"rendered":"<p>Coaching : Les s\u00e9ances ont lieu en pr\u00e9sentiel \u00e0 Strasbourg. Quand la m\u00e9t\u00e9o le permet, je pratique le coaching march\u00e9. Nous d\u00e9ambulons pendant la dur\u00e9e de la s\u00e9ance de mani\u00e8re \u00e0 ce que votre r\u00e9flexion b\u00e9n\u00e9ficie de la dynamique de la marche. La premi\u00e8re s\u00e9ance est destin\u00e9e \u00e0 cerner pr\u00e9cis\u00e9ment votre demande. Les s\u00e9ances suivantes &hellip; <a href=\"https:\/\/stephaniecharvieux.fr\/index.php\/seances-individuelles\/\" class=\"more-link\">Continue reading <span class=\"screen-reader-text\">S\u00e9ances individuelles<\/span> <span class=\"meta-nav\">&rarr;<\/span><\/a><\/p>\n","protected":false},"author":1,"featured_media":0,"parent":0,"menu_order":3,"comment_status":"closed","ping_status":"closed","template":"","meta":{"footnotes":""},"_links":{"self":[{"href":"https:\/\/stephaniecharvieux.fr\/index.php\/wp-json\/wp\/v2\/pages\/32"}],"collection":[{"href":"https:\/\/stephaniecharvieux.fr\/index.php\/wp-json\/wp\/v2\/pages"}],"about":[{"href":"https:\/\/stephaniecharvieux.fr\/index.php\/wp-json\/wp\/v2\/types\/page"}],"author":[{"embeddable":true,"href":"https:\/\/stephaniecharvieux.fr\/index.php\/wp-json\/wp\/v2\/users\/1"}],"replies":[{"embeddable":true,"href":"https:\/\/stephaniecharvieux.fr\/index.php\/wp-json\/wp\/v2\/comments?post=32"}],"version-history":[{"count":56,"href":"https:\/\/stephaniecharvieux.fr\/index.php\/wp-json\/wp\/v2\/pages\/32\/revisions"}],"predecessor-version":[{"id":409,"href":"https:\/\/stephaniecharvieux.fr\/index.php\/wp-json\/wp\/v2\/pages\/32\/revisions\/409"}],"wp:attachment":[{"href":"https:\/\/stephaniecharvieux.fr\/index.php\/wp-json\/wp\/v2\/media?parent=32"}],"curies":[{"name":"wp","href":"https:\/\/api.w.org\/{rel}","templated":true}]}}