{"id":28,"date":"2018-09-27T16:07:05","date_gmt":"2018-09-27T14:07:05","guid":{"rendered":"http:\/\/wordpress5.okopixel.com\/?page_id=17"},"modified":"2025-03-27T09:07:02","modified_gmt":"2025-03-27T08:07:02","slug":"seances-collectives","status":"publish","type":"page","link":"https:\/\/stephaniecharvieux.fr\/index.php\/seances-collectives\/","title":{"rendered":"S\u00e9ances Rosen"},"content":{"rendered":"<p>La <strong><em><a href=\"https:\/\/methoderosen.com\/\" target=\"_blank\" rel=\"noopener\">m\u00e9thode Rosen<\/a><\/em><\/strong> est une th\u00e9rapie corporelle tr\u00e8s douce, bas\u00e9e sur le rel\u00e2chement des tensions musculaires r\u00e9currentes, celles que nous connaissons bien parce qu&#8217;elles nous accompagnent depuis longtemps. De vieilles amies un peu encombrantes et douloureuses avec qui nous avons appris \u00e0 vivre, et qui influencent notre posture et nos mouvements.<br \/>\nL&#8217;approche Rosen permet aussi de prendre conscience de tensions inconscientes, de reprendre contact avec son corps, de r\u00e9tablir le dialogue lorsqu&#8217;il a \u00e9t\u00e9 interrompu.<\/p>\n<p>Depuis novembre 2024, je suis interne de la m\u00e9thode Rosen, c&#8217;est-\u00e0-dire que je peux pratiquer officiellement, en \u00e9tant supervis\u00e9e r\u00e9guli\u00e8rement, mais sans avoir encore le titre de praticienne.<\/p>\n<p>Une s\u00e9ance dure environ une heure et se d\u00e9roule en deux temps, une premi\u00e8re partie o\u00f9 vous \u00eates allong\u00e9s sur le ventre pendant que je contacte vos tensions, et un deuxi\u00e8me temps o\u00f9 vous \u00eates sur le dos. La personne qui re\u00e7oit une s\u00e9ance Rosen n&#8217;a rien \u00e0 faire d&#8217;autre qu&#8217;\u00eatre \u00e0 l&#8217;\u00e9coute de ce qui se passe lorsque son corps se d\u00e9tend. Etre \u00e0 l&#8217;\u00e9coute et accueillir ce qui est l\u00e0. Des images, des lib\u00e9rations \u00e9motionnelles peuvent se produire. C&#8217;est toute la beaut\u00e9 de cette approche th\u00e9rapeutique extr\u00eamement respectueuse et douce.<\/p>\n<p>Mon tarif est de 40 euros la s\u00e9ance.<\/p>\n","protected":false},"excerpt":{"rendered":"<p>La m\u00e9thode Rosen est une th\u00e9rapie corporelle tr\u00e8s douce, bas\u00e9e sur le rel\u00e2chement des tensions musculaires r\u00e9currentes, celles que nous connaissons bien parce qu&#8217;elles nous accompagnent depuis longtemps. De vieilles amies un peu encombrantes et douloureuses avec qui nous avons appris \u00e0 vivre, et qui influencent notre posture et nos mouvements. L&#8217;approche Rosen permet aussi &hellip; <a href=\"https:\/\/stephaniecharvieux.fr\/index.php\/seances-collectives\/\" class=\"more-link\">Continue reading <span class=\"screen-reader-text\">S\u00e9ances Rosen<\/span> <span class=\"meta-nav\">&rarr;<\/span><\/a><\/p>\n","protected":false},"author":1,"featured_media":0,"parent":0,"menu_order":4,"comment_status":"closed","ping_status":"closed","template":"","meta":{"footnotes":""},"_links":{"self":[{"href":"https:\/\/stephaniecharvieux.fr\/index.php\/wp-json\/wp\/v2\/pages\/28"}],"collection":[{"href":"https:\/\/stephaniecharvieux.fr\/index.php\/wp-json\/wp\/v2\/pages"}],"about":[{"href":"https:\/\/stephaniecharvieux.fr\/index.php\/wp-json\/wp\/v2\/types\/page"}],"author":[{"embeddable":true,"href":"https:\/\/stephaniecharvieux.fr\/index.php\/wp-json\/wp\/v2\/users\/1"}],"replies":[{"embeddable":true,"href":"https:\/\/stephaniecharvieux.fr\/index.php\/wp-json\/wp\/v2\/comments?post=28"}],"version-history":[{"count":31,"href":"https:\/\/stephaniecharvieux.fr\/index.php\/wp-json\/wp\/v2\/pages\/28\/revisions"}],"predecessor-version":[{"id":418,"href":"https:\/\/stephaniecharvieux.fr\/index.php\/wp-json\/wp\/v2\/pages\/28\/revisions\/418"}],"wp:attachment":[{"href":"https:\/\/stephaniecharvieux.fr\/index.php\/wp-json\/wp\/v2\/media?parent=28"}],"curies":[{"name":"wp","href":"https:\/\/api.w.org\/{rel}","templated":true}]}}