{"id":27,"date":"2018-09-27T16:06:12","date_gmt":"2018-09-27T14:06:12","guid":{"rendered":"http:\/\/wordpress5.okopixel.com\/?page_id=15"},"modified":"2025-03-27T09:11:17","modified_gmt":"2025-03-27T08:11:17","slug":"contact","status":"publish","type":"page","link":"https:\/\/stephaniecharvieux.fr\/index.php\/contact\/","title":{"rendered":"Contact"},"content":{"rendered":"<p>Vous souhaitez me poser une question ? Prendre rendez-vous ?<br \/>\nVoil\u00e0 comment me joindre.<\/p>\n<p>T\u00e9l\u00e9phone : 06 28 33 36 38<br \/>\nEmail : contact{at}stephaniecharvieux.fr<br \/>\nMon cabinet se trouve \u00e0 l&#8217;Espace psy, 17 rue de Rathsamhausen \u00e0 Strasbourg. Arr\u00eat de tram Landsberg.<\/p>\n","protected":false},"excerpt":{"rendered":"<p>Vous souhaitez me poser une question ? Prendre rendez-vous ? Voil\u00e0 comment me joindre. T\u00e9l\u00e9phone : 06 28 33 36 38 Email : contact{at}stephaniecharvieux.fr Mon cabinet se trouve \u00e0 l&#8217;Espace psy, 17 rue de Rathsamhausen \u00e0 Strasbourg. Arr\u00eat de tram Landsberg.<\/p>\n","protected":false},"author":1,"featured_media":0,"parent":0,"menu_order":5,"comment_status":"closed","ping_status":"closed","template":"","meta":{"footnotes":""},"_links":{"self":[{"href":"https:\/\/stephaniecharvieux.fr\/index.php\/wp-json\/wp\/v2\/pages\/27"}],"collection":[{"href":"https:\/\/stephaniecharvieux.fr\/index.php\/wp-json\/wp\/v2\/pages"}],"about":[{"href":"https:\/\/stephaniecharvieux.fr\/index.php\/wp-json\/wp\/v2\/types\/page"}],"author":[{"embeddable":true,"href":"https:\/\/stephaniecharvieux.fr\/index.php\/wp-json\/wp\/v2\/users\/1"}],"replies":[{"embeddable":true,"href":"https:\/\/stephaniecharvieux.fr\/index.php\/wp-json\/wp\/v2\/comments?post=27"}],"version-history":[{"count":7,"href":"https:\/\/stephaniecharvieux.fr\/index.php\/wp-json\/wp\/v2\/pages\/27\/revisions"}],"predecessor-version":[{"id":422,"href":"https:\/\/stephaniecharvieux.fr\/index.php\/wp-json\/wp\/v2\/pages\/27\/revisions\/422"}],"wp:attachment":[{"href":"https:\/\/stephaniecharvieux.fr\/index.php\/wp-json\/wp\/v2\/media?parent=27"}],"curies":[{"name":"wp","href":"https:\/\/api.w.org\/{rel}","templated":true}]}}