{"id":25,"date":"2018-09-27T15:41:12","date_gmt":"2018-09-27T13:41:12","guid":{"rendered":"http:\/\/wordpress5.okopixel.com\/?page_id=6"},"modified":"2025-03-27T09:15:25","modified_gmt":"2025-03-27T08:15:25","slug":"accueil","status":"publish","type":"page","link":"https:\/\/stephaniecharvieux.fr\/","title":{"rendered":"Accueil"},"content":{"rendered":"<p>Bonjour et bienvenue \u00e0 vous,<\/p>\n<p>Je vis \u00e0 Strasbourg depuis bient\u00f4t 30 ans.<br \/>\nJ&#8217;ai travaill\u00e9 dans l&#8217;audiovisuel, le multim\u00e9dia, l&#8217;organisation d&#8217;\u00e9v\u00e9nements culturels<br \/>\net scientifiques, avant de me former au coaching, puis \u00e0 la <a href=\"https:\/\/methoderosen.com\/\" target=\"_blank\" rel=\"noopener\"><em>m\u00e9thode Rosen<\/em><\/a>.<br \/>\nMa recherche personnelle et spirituelle : psychanalyse, constellations familiales et syst\u00e9miques,<br \/>\nm\u00e9ditation, chamanisme, ainsi que mon histoire, m&#8217;ont conduite \u00e0 l&#8217;accompagnement.<br \/>\nNous avons toutes et tous, en nous, des ressources pr\u00e9cieuses qui sont parfois dans l&#8217;ombre.<br \/>\nMon but est de vous accompagner dans la (re)d\u00e9couverte de ces ressources, dans le respect<br \/>\nde vos valeurs et dans la bienveillance.<\/p>\n<p>En 2019, j&#8217;ai commenc\u00e9 \u00e0 m&#8217;occuper de personnes atteintes de la maladie d&#8217;Alzheimer ou de s\u00e9nilit\u00e9.<br \/>\nEn passant du temps avec elles, j&#8217;ai mis au point une \u00e9coute et un accompagnement<br \/>\npermettant de diminuer le stress provoqu\u00e9 par la perte des rep\u00e8res et la confusion.<br \/>\nDepuis 4 ans, j&#8217;utilise cette \u00e9coute, ma sensibilit\u00e9 et mon sens de l&#8217;observation,<br \/>\npour aider des enfants autistes ou en difficult\u00e9 dans leur parcours scolaire, \u00e0 gagner en autonomie.<\/p>\n<p>Au plaisir de vous rencontrer,<br \/>\nSt\u00e9phanie Charvieux<\/p>\n","protected":false},"excerpt":{"rendered":"<p>Bonjour et bienvenue \u00e0 vous, Je vis \u00e0 Strasbourg depuis bient\u00f4t 30 ans. J&#8217;ai travaill\u00e9 dans l&#8217;audiovisuel, le multim\u00e9dia, l&#8217;organisation d&#8217;\u00e9v\u00e9nements culturels et scientifiques, avant de me former au coaching, puis \u00e0 la m\u00e9thode Rosen. Ma recherche personnelle et spirituelle : psychanalyse, constellations familiales et syst\u00e9miques, m\u00e9ditation, chamanisme, ainsi que mon histoire, m&#8217;ont conduite \u00e0 &hellip; <a href=\"https:\/\/stephaniecharvieux.fr\/\" class=\"more-link\">Continue reading <span class=\"screen-reader-text\">Accueil<\/span> <span class=\"meta-nav\">&rarr;<\/span><\/a><\/p>\n","protected":false},"author":1,"featured_media":0,"parent":0,"menu_order":1,"comment_status":"closed","ping_status":"closed","template":"","meta":{"footnotes":""},"_links":{"self":[{"href":"https:\/\/stephaniecharvieux.fr\/index.php\/wp-json\/wp\/v2\/pages\/25"}],"collection":[{"href":"https:\/\/stephaniecharvieux.fr\/index.php\/wp-json\/wp\/v2\/pages"}],"about":[{"href":"https:\/\/stephaniecharvieux.fr\/index.php\/wp-json\/wp\/v2\/types\/page"}],"author":[{"embeddable":true,"href":"https:\/\/stephaniecharvieux.fr\/index.php\/wp-json\/wp\/v2\/users\/1"}],"replies":[{"embeddable":true,"href":"https:\/\/stephaniecharvieux.fr\/index.php\/wp-json\/wp\/v2\/comments?post=25"}],"version-history":[{"count":95,"href":"https:\/\/stephaniecharvieux.fr\/index.php\/wp-json\/wp\/v2\/pages\/25\/revisions"}],"predecessor-version":[{"id":427,"href":"https:\/\/stephaniecharvieux.fr\/index.php\/wp-json\/wp\/v2\/pages\/25\/revisions\/427"}],"wp:attachment":[{"href":"https:\/\/stephaniecharvieux.fr\/index.php\/wp-json\/wp\/v2\/media?parent=25"}],"curies":[{"name":"wp","href":"https:\/\/api.w.org\/{rel}","templated":true}]}}